{"id":2308,"date":"2017-12-08T17:44:21","date_gmt":"2017-12-08T17:44:21","guid":{"rendered":"http:\/\/aboutrio.com.br\/?post_type=product&#038;p=2308"},"modified":"2018-05-08T17:57:17","modified_gmt":"2018-05-08T17:57:17","slug":"sup-restinga","status":"publish","type":"product","link":"http:\/\/aboutrio.com.br\/pb\/produto\/sup-restinga\/","title":{"rendered":"SUP na Restinga de Marambaia"},"content":{"rendered":"<p>Se voc\u00ea est\u00e1 procurando maneiras de explorar a cidade, SUP (stand up paddle) na Restinga de Marambaia pode ser uma \u00f3tima op\u00e7\u00e3o para um dia ensolarado. Um passeio para todas as idades.<\/p>\n<p>Localizado em Barra de Guaratiba, zona oeste do Rio de Janeiro, a Restinga \u00e9 um pequeno peda\u00e7o de para\u00edso longe da cidade tumultuada. A \u00e1rea de mangue tem uma natureza peculiar, muito diferente do que est\u00e1 normalmente associado \u00e0 paisagem &#8216;carioca&#8217;.<\/p>\n<p>Aqui voc\u00ea pode desvendar o mangue e praticar SUP entre as \u00e1rvores e os bancos de areia.<\/p>\n","protected":false},"excerpt":{"rendered":"<p>O visual \u00e9 muito lindo e um passeio para todas as idades.<\/p>\n","protected":false},"featured_media":2325,"comment_status":"open","ping_status":"closed","template":"","meta":{"_exactmetrics_skip_tracking":false,"_exactmetrics_sitenote_active":false,"_exactmetrics_sitenote_note":"","_exactmetrics_sitenote_category":0},"product_brand":[],"product_cat":[232,131],"product_tag":[325,28,324,35,33,34,36,29,326],"class_list":{"0":"post-2308","1":"product","2":"type-product","3":"status-publish","4":"has-post-thumbnail","6":"product_cat-adventure","7":"product_cat-beach-activities","8":"product_tag-barra-da-guaratiba","9":"product_tag-ilhas-tijucas","10":"product_tag-restinga-de-marambaia","11":"product_tag-rio","12":"product_tag-rio-de-janeiro","13":"product_tag-rj","14":"product_tag-stand-up-paddle","15":"product_tag-sup","16":"product_tag-zona-oeste","17":"holiday_type-adventure","18":"activity_level-leisurely","20":"first","21":"instock","22":"featured","23":"shipping-taxable","24":"purchasable","25":"product-type-simple"},"_links":{"self":[{"href":"http:\/\/aboutrio.com.br\/pb\/wp-json\/wp\/v2\/product\/2308","targetHints":{"allow":["GET"]}}],"collection":[{"href":"http:\/\/aboutrio.com.br\/pb\/wp-json\/wp\/v2\/product"}],"about":[{"href":"http:\/\/aboutrio.com.br\/pb\/wp-json\/wp\/v2\/types\/product"}],"replies":[{"embeddable":true,"href":"http:\/\/aboutrio.com.br\/pb\/wp-json\/wp\/v2\/comments?post=2308"}],"wp:featuredmedia":[{"embeddable":true,"href":"http:\/\/aboutrio.com.br\/pb\/wp-json\/wp\/v2\/media\/2325"}],"wp:attachment":[{"href":"http:\/\/aboutrio.com.br\/pb\/wp-json\/wp\/v2\/media?parent=2308"}],"wp:term":[{"taxonomy":"product_brand","embeddable":true,"href":"http:\/\/aboutrio.com.br\/pb\/wp-json\/wp\/v2\/product_brand?post=2308"},{"taxonomy":"product_cat","embeddable":true,"href":"http:\/\/aboutrio.com.br\/pb\/wp-json\/wp\/v2\/product_cat?post=2308"},{"taxonomy":"product_tag","embeddable":true,"href":"http:\/\/aboutrio.com.br\/pb\/wp-json\/wp\/v2\/product_tag?post=2308"}],"curies":[{"name":"wp","href":"https:\/\/api.w.org\/{rel}","templated":true}]}}