{"id":87,"date":"2017-08-25T00:58:59","date_gmt":"2017-08-25T00:58:59","guid":{"rendered":"http:\/\/aboutsampa.com\/?post_type=product&#038;p=87"},"modified":"2017-12-07T13:58:20","modified_gmt":"2017-12-07T13:58:20","slug":"morro-dois-irmaos","status":"publish","type":"product","link":"http:\/\/aboutrio.com.br\/pb\/produto\/morro-dois-irmaos\/","title":{"rendered":"Morro Dois Irm\u00e3os"},"content":{"rendered":"<p>Uma vista magn\u00edfica do Rio de Janeiro, e um \u00e2ngulo que faz da Lagoa um cora\u00e7\u00e3o.\u00a0Lugar perfeito para rapel voltado para iniciantes e uma trilha incr\u00edvel.<\/p>\n","protected":false},"excerpt":{"rendered":"<p>A trilha inicia na Comunidade do Vidigal, com cerca de 40 minutos de caminhada e um rapel para iniciantes \u00e9 uma das poucas vistas do Rio em que a Lagoa aparece em formato de cora\u00e7\u00e3o.<\/p>\n<p>Trilha para todas as idades.<\/p>\n<p>N\u00edvel: Leve<\/p>\n<h4>D\u00favidas? Entre em contato com a gente por email (contato@aboutrio.com.br) ou whatsapp (+55 21 98138-5937) \ud83d\ude42<\/h4>\n","protected":false},"featured_media":2285,"comment_status":"open","ping_status":"closed","template":"","meta":{"_exactmetrics_skip_tracking":false,"_exactmetrics_sitenote_active":false,"_exactmetrics_sitenote_note":"","_exactmetrics_sitenote_category":0},"product_brand":[],"product_cat":[232,135],"product_tag":[42,43,44,41,39,40],"class_list":{"0":"post-87","1":"product","2":"type-product","3":"status-publish","4":"has-post-thumbnail","6":"product_cat-adventure","7":"product_cat-hiking","8":"product_tag-guia","9":"product_tag-guide","10":"product_tag-morro-dois-irmaos","11":"product_tag-rapel","12":"product_tag-trekking","13":"product_tag-trilha","14":"holiday_type-adventure","15":"holiday_type-children","16":"holiday_type-family","17":"holiday_type-trekking","18":"activity_level-moderate","20":"first","21":"instock","22":"shipping-taxable","23":"purchasable","24":"product-type-simple"},"_links":{"self":[{"href":"http:\/\/aboutrio.com.br\/pb\/wp-json\/wp\/v2\/product\/87","targetHints":{"allow":["GET"]}}],"collection":[{"href":"http:\/\/aboutrio.com.br\/pb\/wp-json\/wp\/v2\/product"}],"about":[{"href":"http:\/\/aboutrio.com.br\/pb\/wp-json\/wp\/v2\/types\/product"}],"replies":[{"embeddable":true,"href":"http:\/\/aboutrio.com.br\/pb\/wp-json\/wp\/v2\/comments?post=87"}],"wp:featuredmedia":[{"embeddable":true,"href":"http:\/\/aboutrio.com.br\/pb\/wp-json\/wp\/v2\/media\/2285"}],"wp:attachment":[{"href":"http:\/\/aboutrio.com.br\/pb\/wp-json\/wp\/v2\/media?parent=87"}],"wp:term":[{"taxonomy":"product_brand","embeddable":true,"href":"http:\/\/aboutrio.com.br\/pb\/wp-json\/wp\/v2\/product_brand?post=87"},{"taxonomy":"product_cat","embeddable":true,"href":"http:\/\/aboutrio.com.br\/pb\/wp-json\/wp\/v2\/product_cat?post=87"},{"taxonomy":"product_tag","embeddable":true,"href":"http:\/\/aboutrio.com.br\/pb\/wp-json\/wp\/v2\/product_tag?post=87"}],"curies":[{"name":"wp","href":"https:\/\/api.w.org\/{rel}","templated":true}]}}