{"id":93,"date":"2017-08-25T01:10:26","date_gmt":"2017-08-25T01:10:26","guid":{"rendered":"http:\/\/aboutsampa.com\/?post_type=product&#038;p=93"},"modified":"2017-09-05T17:26:32","modified_gmt":"2017-09-05T17:26:32","slug":"paraquedismo","status":"publish","type":"product","link":"http:\/\/aboutrio.com.br\/pb\/produto\/paraquedismo\/","title":{"rendered":"Paraquedismo"},"content":{"rendered":"<p>Preparado para a maior emo\u00e7\u00e3o de sua vida? Vamos saltaaaaar!!! Voo duplo, com instrutor e com o m\u00e1ximo de confian\u00e7a.<\/p>\n<p>&nbsp;<\/p>\n","protected":false},"excerpt":{"rendered":"<p>Preparado para a maior emo\u00e7\u00e3o de sua vida? Vamos saltaaaaar!!! Voo duplo, com instrutor e com o m\u00e1ximo de confian\u00e7a.<\/p>\n","protected":false},"featured_media":2037,"comment_status":"open","ping_status":"closed","template":"","meta":{"_exactmetrics_skip_tracking":false,"_exactmetrics_sitenote_active":false,"_exactmetrics_sitenote_note":"","_exactmetrics_sitenote_category":0},"product_brand":[],"product_cat":[232,231],"product_tag":[160,49,48,161,35,33,34,229],"class_list":{"0":"post-93","1":"product","2":"type-product","3":"status-publish","4":"has-post-thumbnail","6":"product_cat-adventure","7":"product_cat-flight","8":"product_tag-parachuting","9":"product_tag-paraquedas","10":"product_tag-paraquedismo","11":"product_tag-resende","12":"product_tag-rio","13":"product_tag-rio-de-janeiro","14":"product_tag-rj","15":"product_tag-skydiving","16":"activity_level-extreme","18":"first","19":"instock","20":"featured","21":"shipping-taxable","22":"purchasable","23":"product-type-simple"},"_links":{"self":[{"href":"http:\/\/aboutrio.com.br\/pb\/wp-json\/wp\/v2\/product\/93","targetHints":{"allow":["GET"]}}],"collection":[{"href":"http:\/\/aboutrio.com.br\/pb\/wp-json\/wp\/v2\/product"}],"about":[{"href":"http:\/\/aboutrio.com.br\/pb\/wp-json\/wp\/v2\/types\/product"}],"replies":[{"embeddable":true,"href":"http:\/\/aboutrio.com.br\/pb\/wp-json\/wp\/v2\/comments?post=93"}],"wp:featuredmedia":[{"embeddable":true,"href":"http:\/\/aboutrio.com.br\/pb\/wp-json\/wp\/v2\/media\/2037"}],"wp:attachment":[{"href":"http:\/\/aboutrio.com.br\/pb\/wp-json\/wp\/v2\/media?parent=93"}],"wp:term":[{"taxonomy":"product_brand","embeddable":true,"href":"http:\/\/aboutrio.com.br\/pb\/wp-json\/wp\/v2\/product_brand?post=93"},{"taxonomy":"product_cat","embeddable":true,"href":"http:\/\/aboutrio.com.br\/pb\/wp-json\/wp\/v2\/product_cat?post=93"},{"taxonomy":"product_tag","embeddable":true,"href":"http:\/\/aboutrio.com.br\/pb\/wp-json\/wp\/v2\/product_tag?post=93"}],"curies":[{"name":"wp","href":"https:\/\/api.w.org\/{rel}","templated":true}]}}