{"id":225,"date":"2017-08-29T17:44:02","date_gmt":"2017-08-29T17:44:02","guid":{"rendered":"http:\/\/aboutsampa.com\/?page_id=225"},"modified":"2017-10-25T20:40:48","modified_gmt":"2017-10-25T20:40:48","slug":"about-us","status":"publish","type":"page","link":"https:\/\/aboutrio.com.br\/pb\/contact-us\/about-us\/","title":{"rendered":"Sobre a gente"},"content":{"rendered":"<h2><em>A Cidade do Rio de Janeiro como voc\u00ea nunca viu antes.<\/em><\/h2>\n<p><strong>MISS\u00c3O: <\/strong>Divulgar os cantos e encantos do Rio de Janeiro, contribuindo para o desenvolvimento do turismo.<\/p>\n<p><strong>VIS\u00c3O:<\/strong>\u00a0Conectar e divulgar os prestadores de servi\u00e7o tur\u00edstico locais com curiosos e aventureiros.<\/p>\n<p><strong>VALORES:\u00a0<\/strong>Transpar\u00eancia, Comprometimento e \u00c9tica.<\/p>\n<h2><strong>Quem somos?<\/strong><\/h2>\n<p>Queremos passar um pouco da nossa paix\u00e3o pelo Rio de Janeiro. Uma proposta que vai al\u00e9m de facilitar o acesso \u00e0 informa\u00e7\u00f5es e atividades tur\u00edsticas da cidade oferecendo um sistema de gerenciamento de passeios entre parceiros prestadores de servi\u00e7os tur\u00edsticos e os curiosos e aventureiros, contribuindo para o desenvolvimento do turismo local.<\/p>\n<p>&nbsp;<\/p>\n<p><em>O About Rio consta no Cadastro Nacional de Pessoa Jur\u00eddica com o n\u00famero de inscri\u00e7\u00e3o 19.340.817\/0001-37, al\u00e9m de constar no cadastro nacional do Minist\u00e9rio do Turismo (Cadastur).<\/em><\/p>\n","protected":false},"excerpt":{"rendered":"<p>A Cidade do Rio de Janeiro como voc\u00ea nunca viu antes. MISS\u00c3O: Divulgar os cantos e encantos do Rio de Janeiro, contribuindo para o desenvolvimento do turismo. VIS\u00c3O:\u00a0Conectar e divulgar os prestadores de servi\u00e7o tur\u00edstico locais com curiosos e aventureiros. VALORES:\u00a0Transpar\u00eancia, Comprometimento e \u00c9tica. Quem somos? Queremos passar um pouco da nossa paix\u00e3o pelo Rio [&hellip;]<\/p>\n","protected":false},"author":1,"featured_media":2032,"parent":6,"menu_order":0,"comment_status":"closed","ping_status":"closed","template":"","meta":{"_exactmetrics_skip_tracking":false,"_exactmetrics_sitenote_active":false,"_exactmetrics_sitenote_note":"","_exactmetrics_sitenote_category":0,"footnotes":""},"class_list":["post-225","page","type-page","status-publish","has-post-thumbnail","hentry"],"_links":{"self":[{"href":"https:\/\/aboutrio.com.br\/pb\/wp-json\/wp\/v2\/pages\/225","targetHints":{"allow":["GET"]}}],"collection":[{"href":"https:\/\/aboutrio.com.br\/pb\/wp-json\/wp\/v2\/pages"}],"about":[{"href":"https:\/\/aboutrio.com.br\/pb\/wp-json\/wp\/v2\/types\/page"}],"author":[{"embeddable":true,"href":"https:\/\/aboutrio.com.br\/pb\/wp-json\/wp\/v2\/users\/1"}],"replies":[{"embeddable":true,"href":"https:\/\/aboutrio.com.br\/pb\/wp-json\/wp\/v2\/comments?post=225"}],"version-history":[{"count":0,"href":"https:\/\/aboutrio.com.br\/pb\/wp-json\/wp\/v2\/pages\/225\/revisions"}],"up":[{"embeddable":true,"href":"https:\/\/aboutrio.com.br\/pb\/wp-json\/wp\/v2\/pages\/6"}],"wp:featuredmedia":[{"embeddable":true,"href":"https:\/\/aboutrio.com.br\/pb\/wp-json\/wp\/v2\/media\/2032"}],"wp:attachment":[{"href":"https:\/\/aboutrio.com.br\/pb\/wp-json\/wp\/v2\/media?parent=225"}],"curies":[{"name":"wp","href":"https:\/\/api.w.org\/{rel}","templated":true}]}}