{"id":2058,"date":"2017-08-31T13:22:47","date_gmt":"2017-08-31T13:22:47","guid":{"rendered":"http:\/\/aboutsampa.com\/?post_type=product&#038;p=2058"},"modified":"2017-09-05T17:17:10","modified_gmt":"2017-09-05T17:17:10","slug":"guanabara-bay","status":"publish","type":"product","link":"https:\/\/aboutrio.com.br\/pb\/produto\/guanabara-bay\/","title":{"rendered":"Saveiro na Ba\u00eda de Guanabara"},"content":{"rendered":"<p>Que tal uma volta pela Ba\u00eda de Guanabara de saveiro passando pelos principais pontos tur\u00edsticos da cidade?<\/p>\n<div class=\"col-md-12\"><\/div>\n","protected":false},"excerpt":{"rendered":"<div class=\"col-md-12\">\n<p>Que tal uma volta pela Ba\u00eda de Guanabara de saveiro passando pelos principais pontos tur\u00edsticos da cidade?<\/p>\n<div class=\"col-md-12\"><\/div>\n<\/div>\n","protected":false},"featured_media":2060,"comment_status":"closed","ping_status":"closed","template":"","meta":{"_exactmetrics_skip_tracking":false,"_exactmetrics_sitenote_active":false,"_exactmetrics_sitenote_note":"","_exactmetrics_sitenote_category":0},"product_brand":[],"product_cat":[131],"product_tag":[166,168,171,228,170,35,33,34,167,169],"class_list":{"0":"post-2058","1":"product","2":"type-product","3":"status-publish","4":"has-post-thumbnail","6":"product_cat-beach-activities","7":"product_tag-baia-de-guanabara","8":"product_tag-boat","9":"product_tag-family-trip","10":"product_tag-guanabara-bay","11":"product_tag-passeio-em-familia","12":"product_tag-rio","13":"product_tag-rio-de-janeiro","14":"product_tag-rj","15":"product_tag-saveiro","16":"product_tag-tour","17":"holiday_type-children","18":"holiday_type-discovery","19":"activity_level-leisurely","21":"first","22":"instock","23":"shipping-taxable","24":"purchasable","25":"product-type-simple"},"_links":{"self":[{"href":"https:\/\/aboutrio.com.br\/pb\/wp-json\/wp\/v2\/product\/2058","targetHints":{"allow":["GET"]}}],"collection":[{"href":"https:\/\/aboutrio.com.br\/pb\/wp-json\/wp\/v2\/product"}],"about":[{"href":"https:\/\/aboutrio.com.br\/pb\/wp-json\/wp\/v2\/types\/product"}],"replies":[{"embeddable":true,"href":"https:\/\/aboutrio.com.br\/pb\/wp-json\/wp\/v2\/comments?post=2058"}],"wp:featuredmedia":[{"embeddable":true,"href":"https:\/\/aboutrio.com.br\/pb\/wp-json\/wp\/v2\/media\/2060"}],"wp:attachment":[{"href":"https:\/\/aboutrio.com.br\/pb\/wp-json\/wp\/v2\/media?parent=2058"}],"wp:term":[{"taxonomy":"product_brand","embeddable":true,"href":"https:\/\/aboutrio.com.br\/pb\/wp-json\/wp\/v2\/product_brand?post=2058"},{"taxonomy":"product_cat","embeddable":true,"href":"https:\/\/aboutrio.com.br\/pb\/wp-json\/wp\/v2\/product_cat?post=2058"},{"taxonomy":"product_tag","embeddable":true,"href":"https:\/\/aboutrio.com.br\/pb\/wp-json\/wp\/v2\/product_tag?post=2058"}],"curies":[{"name":"wp","href":"https:\/\/api.w.org\/{rel}","templated":true}]}}