{"id":2063,"date":"2017-08-31T13:31:38","date_gmt":"2017-08-31T13:31:38","guid":{"rendered":"http:\/\/aboutsampa.com\/?post_type=product&#038;p=2063"},"modified":"2018-03-13T21:18:49","modified_gmt":"2018-03-13T21:18:49","slug":"buzios","status":"publish","type":"product","link":"https:\/\/aboutrio.com.br\/pb\/produto\/buzios\/","title":{"rendered":"Buzios com passeio de escuna e almo\u00e7o"},"content":{"rendered":"<p>Um para\u00edso pertinho do Rio para curtir o dia. Te buscamos na Zona Sul do Rio, com transfer, escuna e almo\u00e7o inclu\u00eddo! S\u00f3 precisa se preocupar de levar o protetor solar e a roupa de banho.<\/p>\n<div class=\"col-md-12\"><\/div>\n","protected":false},"excerpt":{"rendered":"<div class=\"col-md-12\">\n<p>Um para\u00edso pertinho do Rio para curtir o dia. Te buscamos na Zona Sul do Rio, com transfer, escuna e almo\u00e7o inclu\u00eddo! S\u00f3 precisa se preocupar de levar o protetor solar e a roupa de banho.<\/p>\n<\/div>\n","protected":false},"featured_media":2067,"comment_status":"closed","ping_status":"closed","template":"","meta":{"_exactmetrics_skip_tracking":false,"_exactmetrics_sitenote_active":false,"_exactmetrics_sitenote_note":"","_exactmetrics_sitenote_category":0},"product_brand":[],"product_cat":[133],"product_tag":[168,172,175,171,173,170,35,33,34,169,174],"class_list":{"0":"post-2063","1":"product","2":"type-product","3":"status-publish","4":"has-post-thumbnail","6":"product_cat-city-tours","7":"product_tag-boat","8":"product_tag-buzios","9":"product_tag-escuna","10":"product_tag-family-trip","11":"product_tag-one-day-trip","12":"product_tag-passeio-em-familia","13":"product_tag-rio","14":"product_tag-rio-de-janeiro","15":"product_tag-rj","16":"product_tag-tour","17":"product_tag-viagem-de-um-dia","18":"holiday_type-adventure","19":"holiday_type-children","20":"holiday_type-discovery","21":"holiday_type-family","22":"activity_level-leisurely","24":"first","25":"instock","26":"shipping-taxable","27":"purchasable","28":"product-type-simple"},"_links":{"self":[{"href":"https:\/\/aboutrio.com.br\/pb\/wp-json\/wp\/v2\/product\/2063","targetHints":{"allow":["GET"]}}],"collection":[{"href":"https:\/\/aboutrio.com.br\/pb\/wp-json\/wp\/v2\/product"}],"about":[{"href":"https:\/\/aboutrio.com.br\/pb\/wp-json\/wp\/v2\/types\/product"}],"replies":[{"embeddable":true,"href":"https:\/\/aboutrio.com.br\/pb\/wp-json\/wp\/v2\/comments?post=2063"}],"wp:featuredmedia":[{"embeddable":true,"href":"https:\/\/aboutrio.com.br\/pb\/wp-json\/wp\/v2\/media\/2067"}],"wp:attachment":[{"href":"https:\/\/aboutrio.com.br\/pb\/wp-json\/wp\/v2\/media?parent=2063"}],"wp:term":[{"taxonomy":"product_brand","embeddable":true,"href":"https:\/\/aboutrio.com.br\/pb\/wp-json\/wp\/v2\/product_brand?post=2063"},{"taxonomy":"product_cat","embeddable":true,"href":"https:\/\/aboutrio.com.br\/pb\/wp-json\/wp\/v2\/product_cat?post=2063"},{"taxonomy":"product_tag","embeddable":true,"href":"https:\/\/aboutrio.com.br\/pb\/wp-json\/wp\/v2\/product_tag?post=2063"}],"curies":[{"name":"wp","href":"https:\/\/api.w.org\/{rel}","templated":true}]}}