{"id":2069,"date":"2017-08-31T13:47:12","date_gmt":"2017-08-31T13:47:12","guid":{"rendered":"http:\/\/aboutsampa.com\/?post_type=product&#038;p=2069"},"modified":"2018-03-13T19:00:49","modified_gmt":"2018-03-13T19:00:49","slug":"ilha-grande-angra-dos-reis","status":"publish","type":"product","link":"https:\/\/aboutrio.com.br\/pb\/produto\/ilha-grande-angra-dos-reis\/","title":{"rendered":"Ilha Grande + Angra dos Reis"},"content":{"rendered":"<p>Passeio de barco pela Ba\u00eda de Angra dos Reis e Ilha Grande, conhecendo as principais ilhas e praias da regi\u00e3o. Imposs\u00edvel n\u00e3o se apaixonar por esse para\u00edso!<\/p>\n<div class=\"col-md-12\"><\/div>\n<div class=\"col-md-12\"><\/div>\n","protected":false},"excerpt":{"rendered":"<div class=\"col-md-12\">\n<p>Um para\u00edso pertinho do Rio para curtir o dia. Te buscamos na Zona Sul do Rio, com transfer, escuna e almo\u00e7o inclu\u00eddo! S\u00f3 precisa se preocupar de levar o protetor solar e a roupa de banho.<\/p>\n<\/div>\n","protected":false},"featured_media":2064,"comment_status":"closed","ping_status":"closed","template":"","meta":{"_exactmetrics_skip_tracking":false,"_exactmetrics_sitenote_active":false,"_exactmetrics_sitenote_note":"","_exactmetrics_sitenote_category":0},"product_brand":[],"product_cat":[133],"product_tag":[176,168,175,171,177,173,170,35,33,34,169,174],"class_list":{"0":"post-2069","1":"product","2":"type-product","3":"status-publish","4":"has-post-thumbnail","6":"product_cat-city-tours","7":"product_tag-angra","8":"product_tag-boat","9":"product_tag-escuna","10":"product_tag-family-trip","11":"product_tag-ilha-grande","12":"product_tag-one-day-trip","13":"product_tag-passeio-em-familia","14":"product_tag-rio","15":"product_tag-rio-de-janeiro","16":"product_tag-rj","17":"product_tag-tour","18":"product_tag-viagem-de-um-dia","19":"holiday_type-adventure","20":"holiday_type-children","21":"holiday_type-family","22":"activity_level-leisurely","24":"first","25":"instock","26":"shipping-taxable","27":"purchasable","28":"product-type-simple"},"_links":{"self":[{"href":"https:\/\/aboutrio.com.br\/pb\/wp-json\/wp\/v2\/product\/2069","targetHints":{"allow":["GET"]}}],"collection":[{"href":"https:\/\/aboutrio.com.br\/pb\/wp-json\/wp\/v2\/product"}],"about":[{"href":"https:\/\/aboutrio.com.br\/pb\/wp-json\/wp\/v2\/types\/product"}],"replies":[{"embeddable":true,"href":"https:\/\/aboutrio.com.br\/pb\/wp-json\/wp\/v2\/comments?post=2069"}],"wp:featuredmedia":[{"embeddable":true,"href":"https:\/\/aboutrio.com.br\/pb\/wp-json\/wp\/v2\/media\/2064"}],"wp:attachment":[{"href":"https:\/\/aboutrio.com.br\/pb\/wp-json\/wp\/v2\/media?parent=2069"}],"wp:term":[{"taxonomy":"product_brand","embeddable":true,"href":"https:\/\/aboutrio.com.br\/pb\/wp-json\/wp\/v2\/product_brand?post=2069"},{"taxonomy":"product_cat","embeddable":true,"href":"https:\/\/aboutrio.com.br\/pb\/wp-json\/wp\/v2\/product_cat?post=2069"},{"taxonomy":"product_tag","embeddable":true,"href":"https:\/\/aboutrio.com.br\/pb\/wp-json\/wp\/v2\/product_tag?post=2069"}],"curies":[{"name":"wp","href":"https:\/\/api.w.org\/{rel}","templated":true}]}}