{"id":2272,"date":"2017-12-06T20:11:49","date_gmt":"2017-12-06T20:11:49","guid":{"rendered":"http:\/\/aboutrio.com.br\/?post_type=product&#038;p=2272"},"modified":"2017-12-07T13:20:45","modified_gmt":"2017-12-07T13:20:45","slug":"wakeboard","status":"publish","type":"product","link":"https:\/\/aboutrio.com.br\/pb\/produto\/wakeboard\/","title":{"rendered":"Wakeboard e Ski Aqu\u00e1tico na Barra da Tijuca"},"content":{"rendered":"<p>As aulas s\u00e3o para iniciantes e para aqueles que j\u00e1 praticam <strong><em>Wakeboard ou\u00a0Ski Aqu\u00e1tico<\/em><\/strong>.\u00a0A emo\u00e7\u00e3o fica por conta das\u00a0ondas geradas\u00a0pela lancha, que te permitem\u00a0executar manobras enquanto \u00e9 puxado, saltando de um lado para o outro. E, de plano de fundo, a Pedra da G\u00e1vea e as Ilhas Tijucas.<\/p>\n<div class=\"col-md-12\"><\/div>\n","protected":false},"excerpt":{"rendered":"<p>Aulas para iniciantes e para aqueles que j\u00e1 praticam o\u00a0Wakeboard e\/ou Ski Aqu\u00e1tico.\u00a0Vamos nos aventurar nas ondas geradas\u00a0pela lancha com um incr\u00edvel plano de fundo. Uma atividade para todas as idades!<\/p>\n","protected":false},"featured_media":2273,"comment_status":"closed","ping_status":"closed","template":"","meta":{"_exactmetrics_skip_tracking":false,"_exactmetrics_sitenote_active":false,"_exactmetrics_sitenote_note":"","_exactmetrics_sitenote_category":0},"product_brand":[],"product_cat":[232,131],"product_tag":[294,32,295,35,33,34,29,30,293,297,296],"class_list":{"0":"post-2272","1":"product","2":"type-product","3":"status-publish","4":"has-post-thumbnail","6":"product_cat-adventure","7":"product_cat-beach-activities","8":"product_tag-adventure","9":"product_tag-barra-da-tijuca","10":"product_tag-beach-activities","11":"product_tag-rio","12":"product_tag-rio-de-janeiro","13":"product_tag-rj","14":"product_tag-sup","15":"product_tag-tijucas-island","16":"product_tag-wakeboard","17":"product_tag-wakeboard-class","18":"product_tag-water-ski","19":"holiday_type-adventure","20":"activity_level-moderate","22":"first","23":"instock","24":"featured","25":"shipping-taxable","26":"purchasable","27":"product-type-simple"},"_links":{"self":[{"href":"https:\/\/aboutrio.com.br\/pb\/wp-json\/wp\/v2\/product\/2272","targetHints":{"allow":["GET"]}}],"collection":[{"href":"https:\/\/aboutrio.com.br\/pb\/wp-json\/wp\/v2\/product"}],"about":[{"href":"https:\/\/aboutrio.com.br\/pb\/wp-json\/wp\/v2\/types\/product"}],"replies":[{"embeddable":true,"href":"https:\/\/aboutrio.com.br\/pb\/wp-json\/wp\/v2\/comments?post=2272"}],"wp:featuredmedia":[{"embeddable":true,"href":"https:\/\/aboutrio.com.br\/pb\/wp-json\/wp\/v2\/media\/2273"}],"wp:attachment":[{"href":"https:\/\/aboutrio.com.br\/pb\/wp-json\/wp\/v2\/media?parent=2272"}],"wp:term":[{"taxonomy":"product_brand","embeddable":true,"href":"https:\/\/aboutrio.com.br\/pb\/wp-json\/wp\/v2\/product_brand?post=2272"},{"taxonomy":"product_cat","embeddable":true,"href":"https:\/\/aboutrio.com.br\/pb\/wp-json\/wp\/v2\/product_cat?post=2272"},{"taxonomy":"product_tag","embeddable":true,"href":"https:\/\/aboutrio.com.br\/pb\/wp-json\/wp\/v2\/product_tag?post=2272"}],"curies":[{"name":"wp","href":"https:\/\/api.w.org\/{rel}","templated":true}]}}