{"id":2278,"date":"2017-12-07T12:47:06","date_gmt":"2017-12-07T12:47:06","guid":{"rendered":"http:\/\/aboutrio.com.br\/?post_type=product&#038;p=2278"},"modified":"2017-12-07T13:14:23","modified_gmt":"2017-12-07T13:14:23","slug":"flyboard","status":"publish","type":"product","link":"https:\/\/aboutrio.com.br\/pb\/produto\/flyboard\/","title":{"rendered":"Vamos voar com Flyboard?!"},"content":{"rendered":"<p>A <strong>Flyboard<\/strong> \u00e9 um esporte conhecido como <strong>hydroflying<\/strong>.<\/p>\n<p>O piloto do Flyboard fica em uma placa conectada por uma longa mangueira a uma embarca\u00e7\u00e3o. A \u00e1gua \u00e9 for\u00e7ada sob press\u00e3o para um par de botas com jatos de jato embaixo do qual fornecem impulso para que o piloto passe at\u00e9 15 m no ar ou mergulhe de cabe\u00e7a atrav\u00e9s da \u00e1gua at\u00e9 2,5 m.<\/p>\n<div class=\"col-md-12\"><\/div>\n","protected":false},"excerpt":{"rendered":"<p>Venha voar com a gente de Flyboard com o incr\u00edvel visual do bairro da Barra da Tijuca. Uma atividade para todas as idades!<\/p>\n","protected":false},"featured_media":2283,"comment_status":"closed","ping_status":"closed","template":"","meta":{"_exactmetrics_skip_tracking":false,"_exactmetrics_sitenote_active":false,"_exactmetrics_sitenote_note":"","_exactmetrics_sitenote_category":0},"product_brand":[],"product_cat":[232,131],"product_tag":[294,32,295,298,299,35,33,34,29,30],"class_list":{"0":"post-2278","1":"product","2":"type-product","3":"status-publish","4":"has-post-thumbnail","6":"product_cat-adventure","7":"product_cat-beach-activities","8":"product_tag-adventure","9":"product_tag-barra-da-tijuca","10":"product_tag-beach-activities","11":"product_tag-fly-board","12":"product_tag-flyboard","13":"product_tag-rio","14":"product_tag-rio-de-janeiro","15":"product_tag-rj","16":"product_tag-sup","17":"product_tag-tijucas-island","18":"holiday_type-adventure","19":"activity_level-extreme","21":"first","22":"instock","23":"featured","24":"shipping-taxable","25":"purchasable","26":"product-type-simple"},"_links":{"self":[{"href":"https:\/\/aboutrio.com.br\/pb\/wp-json\/wp\/v2\/product\/2278","targetHints":{"allow":["GET"]}}],"collection":[{"href":"https:\/\/aboutrio.com.br\/pb\/wp-json\/wp\/v2\/product"}],"about":[{"href":"https:\/\/aboutrio.com.br\/pb\/wp-json\/wp\/v2\/types\/product"}],"replies":[{"embeddable":true,"href":"https:\/\/aboutrio.com.br\/pb\/wp-json\/wp\/v2\/comments?post=2278"}],"wp:featuredmedia":[{"embeddable":true,"href":"https:\/\/aboutrio.com.br\/pb\/wp-json\/wp\/v2\/media\/2283"}],"wp:attachment":[{"href":"https:\/\/aboutrio.com.br\/pb\/wp-json\/wp\/v2\/media?parent=2278"}],"wp:term":[{"taxonomy":"product_brand","embeddable":true,"href":"https:\/\/aboutrio.com.br\/pb\/wp-json\/wp\/v2\/product_brand?post=2278"},{"taxonomy":"product_cat","embeddable":true,"href":"https:\/\/aboutrio.com.br\/pb\/wp-json\/wp\/v2\/product_cat?post=2278"},{"taxonomy":"product_tag","embeddable":true,"href":"https:\/\/aboutrio.com.br\/pb\/wp-json\/wp\/v2\/product_tag?post=2278"}],"curies":[{"name":"wp","href":"https:\/\/api.w.org\/{rel}","templated":true}]}}