{"id":2300,"date":"2017-12-08T00:07:00","date_gmt":"2017-12-08T00:07:00","guid":{"rendered":"http:\/\/aboutrio.com.br\/?post_type=product&#038;p=2300"},"modified":"2018-03-13T18:34:09","modified_gmt":"2018-03-13T18:34:09","slug":"catamaran","status":"publish","type":"product","link":"https:\/\/aboutrio.com.br\/pb\/produto\/catamaran\/","title":{"rendered":"De Catamar\u00e3 pelos mais belos cart\u00f5es postais do Rio"},"content":{"rendered":"<div class=\"col-md-12\">\n<p>Que tal um passeio de Catamar\u00e3 em um passeio em torno da Ba\u00eda de Guanabara, passando pelos principais pontos tur\u00edsticos da cidade?!<\/p>\n<p>Venha ver os principais cart\u00f5es postais da cidade sob um \u00e2ngulo privilegiado, passando por mais de 20 locais hist\u00f3ricos onde muitos fazem parte da hist\u00f3ria do Brasil desde os tempos do Imp\u00e9rio.<\/p>\n<\/div>\n","protected":false},"excerpt":{"rendered":"<div class=\"col-md-12\">\n<p>Que tal uma volta de Catamar\u00e3 pela\u00a0Ba\u00eda de Guanabara, passando pelos principais pontos tur\u00edsticos da cidade?<\/p>\n<div class=\"col-md-12\"><\/div>\n<\/div>\n","protected":false},"featured_media":2302,"comment_status":"closed","ping_status":"closed","template":"","meta":{"_exactmetrics_skip_tracking":false,"_exactmetrics_sitenote_active":false,"_exactmetrics_sitenote_note":"","_exactmetrics_sitenote_category":0},"product_brand":[],"product_cat":[131],"product_tag":[166,168,317,328,171,228,170,35,327,33,34,169],"class_list":{"0":"post-2300","1":"product","2":"type-product","3":"status-publish","4":"has-post-thumbnail","6":"product_cat-beach-activities","7":"product_tag-baia-de-guanabara","8":"product_tag-boat","9":"product_tag-catamara","10":"product_tag-catamaran","11":"product_tag-family-trip","12":"product_tag-guanabara-bay","13":"product_tag-passeio-em-familia","14":"product_tag-rio","15":"product_tag-rio-boulevard-tour","16":"product_tag-rio-de-janeiro","17":"product_tag-rj","18":"product_tag-tour","19":"holiday_type-children","20":"holiday_type-discovery","21":"holiday_type-family","22":"activity_level-leisurely","24":"first","25":"instock","26":"shipping-taxable","27":"purchasable","28":"product-type-simple"},"_links":{"self":[{"href":"https:\/\/aboutrio.com.br\/pb\/wp-json\/wp\/v2\/product\/2300","targetHints":{"allow":["GET"]}}],"collection":[{"href":"https:\/\/aboutrio.com.br\/pb\/wp-json\/wp\/v2\/product"}],"about":[{"href":"https:\/\/aboutrio.com.br\/pb\/wp-json\/wp\/v2\/types\/product"}],"replies":[{"embeddable":true,"href":"https:\/\/aboutrio.com.br\/pb\/wp-json\/wp\/v2\/comments?post=2300"}],"wp:featuredmedia":[{"embeddable":true,"href":"https:\/\/aboutrio.com.br\/pb\/wp-json\/wp\/v2\/media\/2302"}],"wp:attachment":[{"href":"https:\/\/aboutrio.com.br\/pb\/wp-json\/wp\/v2\/media?parent=2300"}],"wp:term":[{"taxonomy":"product_brand","embeddable":true,"href":"https:\/\/aboutrio.com.br\/pb\/wp-json\/wp\/v2\/product_brand?post=2300"},{"taxonomy":"product_cat","embeddable":true,"href":"https:\/\/aboutrio.com.br\/pb\/wp-json\/wp\/v2\/product_cat?post=2300"},{"taxonomy":"product_tag","embeddable":true,"href":"https:\/\/aboutrio.com.br\/pb\/wp-json\/wp\/v2\/product_tag?post=2300"}],"curies":[{"name":"wp","href":"https:\/\/api.w.org\/{rel}","templated":true}]}}