{"id":56,"date":"2017-08-24T23:08:10","date_gmt":"2017-08-24T23:08:10","guid":{"rendered":"http:\/\/aboutsampa.com\/?p=56"},"modified":"2018-03-27T19:08:26","modified_gmt":"2018-03-27T19:08:26","slug":"hawaiian-canoe","status":"publish","type":"product","link":"https:\/\/aboutrio.com.br\/pb\/produto\/hawaiian-canoe\/","title":{"rendered":"Canoa Havaiana"},"content":{"rendered":"<p>Equipe de Canoa Havaiana com aula de introdu\u00e7\u00e3o ao esporte, din\u00e2micas de grupo e a expedi\u00e7\u00e3o mais charmosa da cidade, com sa\u00eddas sob medida para voc\u00ea e seu grupo.<\/p>\n<pre><\/pre>\n","protected":false},"excerpt":{"rendered":"<p>Equipe de Canoa Havaiana com aula de introdu\u00e7\u00e3o ao esporte, din\u00e2micas de grupo e a expedi\u00e7\u00e3o mais charmosa da cidade, com sa\u00eddas sob medida para voc\u00ea e seu grupo.<\/p>\n","protected":false},"featured_media":2328,"comment_status":"open","ping_status":"closed","template":"","meta":{"_exactmetrics_skip_tracking":false,"_exactmetrics_sitenote_active":false,"_exactmetrics_sitenote_note":"","_exactmetrics_sitenote_category":0},"product_brand":[],"product_cat":[232,131],"product_tag":[24,26,25,233,27],"class_list":{"0":"post-56","1":"product","2":"type-product","3":"status-publish","4":"has-post-thumbnail","6":"product_cat-adventure","7":"product_cat-beach-activities","8":"product_tag-canoa-havaiana","9":"product_tag-esporte-aquatico","10":"product_tag-hawaiian-canoe","11":"product_tag-outrigger","12":"product_tag-water-sports","13":"holiday_type-adventure","14":"holiday_type-children","15":"holiday_type-discovery","16":"activity_level-moderate","18":"first","19":"instock","20":"featured","21":"shipping-taxable","22":"purchasable","23":"product-type-simple"},"_links":{"self":[{"href":"https:\/\/aboutrio.com.br\/pb\/wp-json\/wp\/v2\/product\/56","targetHints":{"allow":["GET"]}}],"collection":[{"href":"https:\/\/aboutrio.com.br\/pb\/wp-json\/wp\/v2\/product"}],"about":[{"href":"https:\/\/aboutrio.com.br\/pb\/wp-json\/wp\/v2\/types\/product"}],"replies":[{"embeddable":true,"href":"https:\/\/aboutrio.com.br\/pb\/wp-json\/wp\/v2\/comments?post=56"}],"wp:featuredmedia":[{"embeddable":true,"href":"https:\/\/aboutrio.com.br\/pb\/wp-json\/wp\/v2\/media\/2328"}],"wp:attachment":[{"href":"https:\/\/aboutrio.com.br\/pb\/wp-json\/wp\/v2\/media?parent=56"}],"wp:term":[{"taxonomy":"product_brand","embeddable":true,"href":"https:\/\/aboutrio.com.br\/pb\/wp-json\/wp\/v2\/product_brand?post=56"},{"taxonomy":"product_cat","embeddable":true,"href":"https:\/\/aboutrio.com.br\/pb\/wp-json\/wp\/v2\/product_cat?post=56"},{"taxonomy":"product_tag","embeddable":true,"href":"https:\/\/aboutrio.com.br\/pb\/wp-json\/wp\/v2\/product_tag?post=56"}],"curies":[{"name":"wp","href":"https:\/\/api.w.org\/{rel}","templated":true}]}}