{"id":77,"date":"2017-08-25T00:44:10","date_gmt":"2017-08-25T00:44:10","guid":{"rendered":"http:\/\/aboutsampa.com\/?post_type=product&#038;p=77"},"modified":"2018-05-08T14:35:48","modified_gmt":"2018-05-08T14:35:48","slug":"ilhas-tijucas-sup","status":"publish","type":"product","link":"https:\/\/aboutrio.com.br\/pb\/produto\/ilhas-tijucas-sup\/","title":{"rendered":"Travessia Ilhas Tijucas de SUP"},"content":{"rendered":"<p>Passeio incr\u00edvel! Come\u00e7amos a travessia da Barra da Tijuca, pr\u00f3ximo ao Quebra Mar, e remamos cerca de 2km at\u00e9 as Ilhas Tijucas. O visual \u00e9 muito lindo e um passeio para todas as idades.<\/p>\n<div class=\"col-md-12\"><\/div>\n","protected":false},"excerpt":{"rendered":"<p>O visual \u00e9 muito lindo e um passeio para todas as idades.<\/p>\n","protected":false},"featured_media":2047,"comment_status":"open","ping_status":"closed","template":"","meta":{"_exactmetrics_skip_tracking":false,"_exactmetrics_sitenote_active":false,"_exactmetrics_sitenote_note":"","_exactmetrics_sitenote_category":0},"product_brand":[],"product_cat":[232,131],"product_tag":[32,28,31,35,33,34,36,29,30],"class_list":{"0":"post-77","1":"product","2":"type-product","3":"status-publish","4":"has-post-thumbnail","6":"product_cat-adventure","7":"product_cat-beach-activities","8":"product_tag-barra-da-tijuca","9":"product_tag-ilhas-tijucas","10":"product_tag-island-barra-da-tijuca","11":"product_tag-rio","12":"product_tag-rio-de-janeiro","13":"product_tag-rj","14":"product_tag-stand-up-paddle","15":"product_tag-sup","16":"product_tag-tijucas-island","17":"activity_level-moderate","19":"first","20":"instock","21":"featured","22":"shipping-taxable","23":"purchasable","24":"product-type-simple"},"_links":{"self":[{"href":"https:\/\/aboutrio.com.br\/pb\/wp-json\/wp\/v2\/product\/77","targetHints":{"allow":["GET"]}}],"collection":[{"href":"https:\/\/aboutrio.com.br\/pb\/wp-json\/wp\/v2\/product"}],"about":[{"href":"https:\/\/aboutrio.com.br\/pb\/wp-json\/wp\/v2\/types\/product"}],"replies":[{"embeddable":true,"href":"https:\/\/aboutrio.com.br\/pb\/wp-json\/wp\/v2\/comments?post=77"}],"wp:featuredmedia":[{"embeddable":true,"href":"https:\/\/aboutrio.com.br\/pb\/wp-json\/wp\/v2\/media\/2047"}],"wp:attachment":[{"href":"https:\/\/aboutrio.com.br\/pb\/wp-json\/wp\/v2\/media?parent=77"}],"wp:term":[{"taxonomy":"product_brand","embeddable":true,"href":"https:\/\/aboutrio.com.br\/pb\/wp-json\/wp\/v2\/product_brand?post=77"},{"taxonomy":"product_cat","embeddable":true,"href":"https:\/\/aboutrio.com.br\/pb\/wp-json\/wp\/v2\/product_cat?post=77"},{"taxonomy":"product_tag","embeddable":true,"href":"https:\/\/aboutrio.com.br\/pb\/wp-json\/wp\/v2\/product_tag?post=77"}],"curies":[{"name":"wp","href":"https:\/\/api.w.org\/{rel}","templated":true}]}}