{"id":91,"date":"2017-08-25T01:04:01","date_gmt":"2017-08-25T01:04:01","guid":{"rendered":"http:\/\/aboutsampa.com\/?post_type=product&#038;p=91"},"modified":"2018-03-28T01:42:42","modified_gmt":"2018-03-28T01:42:42","slug":"cachoeira-do-mendanha","status":"publish","type":"product","link":"https:\/\/aboutrio.com.br\/pb\/produto\/cachoeira-do-mendanha\/","title":{"rendered":"Cachoeira do Mendanha"},"content":{"rendered":"<p>Com resqu\u00edcios da Mata Atl\u00e2ntica, o Parque do Mendanha possui cachoeiras com \u00e1guas cristalinas, tobog\u00e3s naturais e clima super tranquilo<\/p>\n<div class=\"col-md-12\"><\/div>\n","protected":false},"excerpt":{"rendered":"<p>Com resqu\u00edcios da Mata Atl\u00e2ntica, o Parque do Mendanha possui cachoeiras com \u00e1guas cristalinas, tobog\u00e3s naturais e muitas paisagens naturais.<\/p>\n","protected":false},"featured_media":2331,"comment_status":"open","ping_status":"closed","template":"","meta":{"_exactmetrics_skip_tracking":false,"_exactmetrics_sitenote_active":false,"_exactmetrics_sitenote_note":"","_exactmetrics_sitenote_category":0},"product_brand":[],"product_cat":[135],"product_tag":[45,39,40],"class_list":{"0":"post-91","1":"product","2":"type-product","3":"status-publish","4":"has-post-thumbnail","6":"product_cat-hiking","7":"product_tag-cachoeira-do-mendanha","8":"product_tag-trekking","9":"product_tag-trilha","10":"holiday_type-adventure","11":"holiday_type-children","12":"holiday_type-family","13":"holiday_type-guided-tours","14":"holiday_type-trekking","15":"activity_level-moderate","17":"first","18":"instock","19":"featured","20":"shipping-taxable","21":"purchasable","22":"product-type-simple"},"_links":{"self":[{"href":"https:\/\/aboutrio.com.br\/pb\/wp-json\/wp\/v2\/product\/91","targetHints":{"allow":["GET"]}}],"collection":[{"href":"https:\/\/aboutrio.com.br\/pb\/wp-json\/wp\/v2\/product"}],"about":[{"href":"https:\/\/aboutrio.com.br\/pb\/wp-json\/wp\/v2\/types\/product"}],"replies":[{"embeddable":true,"href":"https:\/\/aboutrio.com.br\/pb\/wp-json\/wp\/v2\/comments?post=91"}],"wp:featuredmedia":[{"embeddable":true,"href":"https:\/\/aboutrio.com.br\/pb\/wp-json\/wp\/v2\/media\/2331"}],"wp:attachment":[{"href":"https:\/\/aboutrio.com.br\/pb\/wp-json\/wp\/v2\/media?parent=91"}],"wp:term":[{"taxonomy":"product_brand","embeddable":true,"href":"https:\/\/aboutrio.com.br\/pb\/wp-json\/wp\/v2\/product_brand?post=91"},{"taxonomy":"product_cat","embeddable":true,"href":"https:\/\/aboutrio.com.br\/pb\/wp-json\/wp\/v2\/product_cat?post=91"},{"taxonomy":"product_tag","embeddable":true,"href":"https:\/\/aboutrio.com.br\/pb\/wp-json\/wp\/v2\/product_tag?post=91"}],"curies":[{"name":"wp","href":"https:\/\/api.w.org\/{rel}","templated":true}]}}